{"id":8,"date":"2022-09-15T11:27:38","date_gmt":"2022-09-15T11:27:38","guid":{"rendered":"http:\/\/bankierztiktoka.pl\/?page_id=8"},"modified":"2024-09-29T18:31:09","modified_gmt":"2024-09-29T18:31:09","slug":"strona-glowna","status":"publish","type":"page","link":"https:\/\/bankierztiktoka.pl\/","title":{"rendered":"Strona g\u0142\u00f3wna"},"content":{"rendered":"\r\n<section class=\"dane_osobowe_cont full_width_cont\">\r\n\r\n    <div class=\"dane_osobowe_inner full_width_cont_inner\">\r\n    <div class=\"dane_osobowe_img\"><img src=\"https:\/\/bankierztiktoka.pl\/wp-content\/uploads\/2023\/08\/6b8a05d1-ae72-4cf9-93ac-3b6e7dc09d01-e1692377640983.png\" alt=\"\"><\/div>\r\n        <div class=\"dane_osobowe_imie\">Mariusz Tober &#8211; Tw\u00f3j Ekspert Kredytowy<\/div>\r\n        <div class=\"dane_osobowe_opis\">Cze\u015b\u0107, \r\n\r\nzobacz jak wiele ja i m\u00f3j zesp\u00f3\u0142 mo\u017cemy dla Ciebie zrobi\u0107. Poni\u017cej znajduj\u0105 si\u0119 tematy, kt\u00f3rymi si\u0119 zajmujemy.\r\n\r\nJe\u017celi tego czego potrzebujesz, nie ma na li\u015bcie &#8211; napisz do mnie na adres konsultacje@bankierztiktoka.pl<\/div>\r\n        <div class=\"dane_osobowe_social\">\r\n            \r\n                        <div class=\"social_cont\">\r\n                            <a class=\"social_cont_inner\" href=\"https:\/\/www.youtube.com\/channel\/UC0I9qYXV8dsgyy0_TEddPNQ\" style=\"\" target=\"_blank\"><img src=\"https:\/\/bankierztiktoka.pl\/wp-content\/uploads\/2022\/09\/ikona-yt.png\" alt=\"\"><\/a>\r\n                        <\/div>\r\n\r\n\r\n                    \r\n                        <div class=\"social_cont\">\r\n                            <a class=\"social_cont_inner\" href=\"https:\/\/www.facebook.com\/MariuszDamianTober\/\" style=\"\" target=\"_blank\"><img src=\"https:\/\/bankierztiktoka.pl\/wp-content\/uploads\/2022\/09\/ikona-fb.png\" alt=\"\"><\/a>\r\n                        <\/div>\r\n\r\n\r\n                    \r\n                        <div class=\"social_cont\">\r\n                            <a class=\"social_cont_inner\" href=\"https:\/\/www.instagram.com\/bankier_z_tiktoka\/reels\/\" style=\"\" target=\"_blank\"><img src=\"https:\/\/bankierztiktoka.pl\/wp-content\/uploads\/2023\/01\/87390.png\" alt=\"\"><\/a>\r\n                        <\/div>\r\n\r\n\r\n                    \r\n                        <div class=\"social_cont\">\r\n                            <a class=\"social_cont_inner\" href=\"https:\/\/www.tiktok.com\/@bankier_z_tiktoka\" style=\"\" target=\"_blank\"><img src=\"https:\/\/bankierztiktoka.pl\/wp-content\/uploads\/2023\/01\/png-transparent-tiktok-icon-thumbnail-1-e1673165928372.png\" alt=\"\"><\/a>\r\n                        <\/div>\r\n\r\n\r\n                            <\/div>\r\n    <\/div>\r\n\r\n    <div class=\"button_cont full_width_cont_inner\">\r\n         \r\n                        <a class=\"button_inner\" href=\"https:\/\/www.dofin.pl\/kredyt-na-zakup-nieruchomosci\/\" target=\"_blank\">\r\n                            <img src=\"https:\/\/bankierztiktoka.pl\/wp-content\/uploads\/2022\/09\/building.png\" alt=\"\">\r\n                            <div><p>Bezp\u0142atna konsultacja w sprawie kredytu na zakup nieruchomo\u015bci<\/p><\/div>\r\n                        <\/a>\r\n\r\n\r\n                    \r\n                        <a class=\"button_inner\" href=\"https:\/\/odsetkowy.pl\/webinaro\/\" target=\"_blank\">\r\n                            <img src=\"https:\/\/bankierztiktoka.pl\/wp-content\/uploads\/2023\/08\/webinar.png\" alt=\"\">\r\n                            <div><p>Bezp\u0142atny webinar o nadp\u0142acaniu kredytu<\/p><\/div>\r\n                        <\/a>\r\n\r\n\r\n                    \r\n                        <a class=\"button_inner\" href=\"https:\/\/www.dofin.pl\/kredyt-na-budowe-domu\/\" target=\"_blank\">\r\n                            <img src=\"https:\/\/bankierztiktoka.pl\/wp-content\/uploads\/2022\/09\/house.png\" alt=\"\">\r\n                            <div><p>Bezp\u0142atna konsultacja w sprawie nowego kredytu na budow\u0119 domu<\/p><\/div>\r\n                        <\/a>\r\n\r\n\r\n                    \r\n                        <a class=\"button_inner\" href=\"https:\/\/www.dofin.pl\/kredyt-na-firme\/\" target=\"_blank\">\r\n                            <img src=\"https:\/\/bankierztiktoka.pl\/wp-content\/uploads\/2022\/09\/file.png\" alt=\"\">\r\n                            <div><p>Bezp\u0142atna konsultacja w sprawie kredytu na firm\u0119<\/p><\/div>\r\n                        <\/a>\r\n\r\n\r\n                    \r\n                        <a class=\"button_inner\" href=\"https:\/\/www.dofin.pl\/analiza-umowy-kredytowej-refinansowanie\/\" target=\"_blank\">\r\n                            <img src=\"https:\/\/bankierztiktoka.pl\/wp-content\/uploads\/2022\/09\/circular-economy.png\" alt=\"\">\r\n                            <div><p>Chc\u0119 obni\u017cy\u0107 koszty kredytu hipotecznego poprzez refinansowanie<\/p><\/div>\r\n                        <\/a>\r\n\r\n\r\n                    \r\n                        <a class=\"button_inner\" href=\"https:\/\/www.dofin.pl\/kredyt-gotowkowy\/\" target=\"_blank\">\r\n                            <img src=\"https:\/\/bankierztiktoka.pl\/wp-content\/uploads\/2022\/09\/reduce-cost.png\" alt=\"\">\r\n                            <div><p>Chc\u0119 zmniejszy\u0107 koszty swoich kredyt\u00f3w got\u00f3wkowych<\/p><\/div>\r\n                        <\/a>\r\n\r\n\r\n                    \r\n                        <a class=\"button_inner\" href=\"https:\/\/www.dofin.pl\/sankcja-kredytu-darmowego\/\" target=\"_blank\">\r\n                            <img src=\"https:\/\/bankierztiktoka.pl\/wp-content\/uploads\/2022\/09\/cash-payment.png\" alt=\"\">\r\n                            <div><p>Anulowanie odsetek z kredytu got\u00f3wkowego<\/p><\/div>\r\n                        <\/a>\r\n\r\n\r\n                    \r\n                        <a class=\"button_inner\" href=\"https:\/\/www.dofin.pl\/analiza-gruntu\/\" target=\"_blank\">\r\n                            <img src=\"https:\/\/bankierztiktoka.pl\/wp-content\/uploads\/2024\/04\/Artboard-1.png\" alt=\"\">\r\n                            <div><p>Analiza gruntu przed zakupem<\/p><\/div>\r\n                        <\/a>\r\n\r\n\r\n                    \r\n                        <a class=\"button_inner\" href=\"http:\/\/www.mariusztober.pl\" target=\"_blank\">\r\n                            <img src=\"https:\/\/bankierztiktoka.pl\/wp-content\/uploads\/2022\/09\/consultation.png\" alt=\"\">\r\n                            <div><p>Indywidualna analiza umowy w sprawie wcze\u015bniejszej sp\u0142aty kredytu<\/p><\/div>\r\n                        <\/a>\r\n\r\n\r\n                        <\/div>\r\n    \r\n\r\n<\/section>\n","protected":false},"excerpt":{"rendered":"","protected":false},"author":1,"featured_media":0,"parent":0,"menu_order":0,"comment_status":"closed","ping_status":"closed","template":"","meta":[],"_links":{"self":[{"href":"https:\/\/bankierztiktoka.pl\/index.php\/wp-json\/wp\/v2\/pages\/8"}],"collection":[{"href":"https:\/\/bankierztiktoka.pl\/index.php\/wp-json\/wp\/v2\/pages"}],"about":[{"href":"https:\/\/bankierztiktoka.pl\/index.php\/wp-json\/wp\/v2\/types\/page"}],"author":[{"embeddable":true,"href":"https:\/\/bankierztiktoka.pl\/index.php\/wp-json\/wp\/v2\/users\/1"}],"replies":[{"embeddable":true,"href":"https:\/\/bankierztiktoka.pl\/index.php\/wp-json\/wp\/v2\/comments?post=8"}],"version-history":[{"count":152,"href":"https:\/\/bankierztiktoka.pl\/index.php\/wp-json\/wp\/v2\/pages\/8\/revisions"}],"predecessor-version":[{"id":378,"href":"https:\/\/bankierztiktoka.pl\/index.php\/wp-json\/wp\/v2\/pages\/8\/revisions\/378"}],"wp:attachment":[{"href":"https:\/\/bankierztiktoka.pl\/index.php\/wp-json\/wp\/v2\/media?parent=8"}],"curies":[{"name":"wp","href":"https:\/\/api.w.org\/{rel}","templated":true}]}}